{"id":12,"date":"2020-10-09T08:43:39","date_gmt":"2020-10-09T08:43:39","guid":{"rendered":"https:\/\/grupopyp.pe\/?page_id=12"},"modified":"2020-10-09T08:43:39","modified_gmt":"2020-10-09T08:43:39","slug":"acerca-de","status":"publish","type":"page","link":"https:\/\/grupopyp.pe\/?page_id=12","title":{"rendered":"Acerca de"},"content":{"rendered":"\n<p>Grupo PyP, Somos una empresa peruana con m\u00e1s de 10 a\u00f1os de experiencia en dise\u00f1o, construcci\u00f3n e implementaci\u00f3n de soluciones especializadas en la nube, redes y telecomunicaciones.<\/p>\n\n\n\n<p>Nuestro modelo de negocios se focaliza en la peque\u00f1a y mediana empresa, que requieren de una atenci\u00f3n \u00e1gil, personalizada y preferencial, y que necesitan una provisi\u00f3n de servicios r\u00e1pida y especializada; que garantice continuidad operacional a la gesti\u00f3n de su negocio.<\/p>\n\n\n\n<h2 class=\"wp-block-heading\">Nuestro Prop\u00f3sito<\/h2>\n\n\n\n<ul class=\"wp-block-list\"><li>Acompa\u00f1ar en los desaf\u00edos que enfrenta las necesidades de negocio de nuestros clientes en el \u00e1mbito de las comunicaciones tecnol\u00f3gicas, dando respuestas \u00e1giles y oportunas a las exigencias de calidad y alta competitividad de los sectores econ\u00f3micos en los que se desenvuelven nuestros clientes.<\/li><\/ul>\n\n\n\n<ul class=\"wp-block-list\"><li>Ayudar a nuestros clientes, mediante el dise\u00f1o de soluciones simples y servicios personalizados, implementados en tiempo y forma, operando basados en experiencias pr\u00e1cticas, metodolog\u00edas probadas, con estricto apego a la normativa legal vigente y est\u00e1ndares de la Industria de Telecomunicaciones.<\/li><\/ul>\n\n\n\n<ul class=\"wp-block-list\"><li>Colaborar para ser reconocidos como parte fundamental del \u00e9xito de nuestros clientes y de la sociedad en la que nos corresponde actuar, brindando soluciones y servicios basados en la calidad, rapidez en la implementaci\u00f3n y mejora continua de la soluci\u00f3n<\/li><\/ul>\n\n\n\n<p><\/p>\n","protected":false},"excerpt":{"rendered":"<p>Grupo PyP, Somos una empresa peruana con m\u00e1s de 10 a\u00f1os de experiencia en dise\u00f1o, construcci\u00f3n e implementaci\u00f3n de soluciones especializadas en la nube, redes y telecomunicaciones. Nuestro modelo de negocios se focaliza en la peque\u00f1a y mediana empresa, que requieren de una atenci\u00f3n \u00e1gil, personalizada y preferencial, y que necesitan una provisi\u00f3n de servicios [&hellip;]<\/p>\n","protected":false},"author":2,"featured_media":0,"parent":0,"menu_order":0,"comment_status":"closed","ping_status":"closed","template":"","meta":{"advanced_seo_description":"","jetpack_seo_html_title":"","jetpack_seo_noindex":false,"footnotes":""},"class_list":["post-12","page","type-page","status-publish","hentry"],"_links":{"self":[{"href":"https:\/\/grupopyp.pe\/index.php?rest_route=\/wp\/v2\/pages\/12","targetHints":{"allow":["GET"]}}],"collection":[{"href":"https:\/\/grupopyp.pe\/index.php?rest_route=\/wp\/v2\/pages"}],"about":[{"href":"https:\/\/grupopyp.pe\/index.php?rest_route=\/wp\/v2\/types\/page"}],"author":[{"embeddable":true,"href":"https:\/\/grupopyp.pe\/index.php?rest_route=\/wp\/v2\/users\/2"}],"replies":[{"embeddable":true,"href":"https:\/\/grupopyp.pe\/index.php?rest_route=%2Fwp%2Fv2%2Fcomments&post=12"}],"version-history":[{"count":0,"href":"https:\/\/grupopyp.pe\/index.php?rest_route=\/wp\/v2\/pages\/12\/revisions"}],"wp:attachment":[{"href":"https:\/\/grupopyp.pe\/index.php?rest_route=%2Fwp%2Fv2%2Fmedia&parent=12"}],"curies":[{"name":"wp","href":"https:\/\/api.w.org\/{rel}","templated":true}]}}